{"id":1523,"date":"2025-12-23T10:29:09","date_gmt":"2025-12-23T02:29:09","guid":{"rendered":"https:\/\/foxpressbookstore.com\/?post_type=product&#038;p=1523"},"modified":"2025-12-23T10:30:58","modified_gmt":"2025-12-23T02:30:58","slug":"god-is-good-spanish","status":"publish","type":"product","link":"https:\/\/foxpressbookstore.com\/?product=god-is-good-spanish","title":{"rendered":"God is Good &#8211; Spanish"},"content":{"rendered":"<div id=\"bookDescription_feature_div\" class=\"celwidget\" data-feature-name=\"bookDescription\" data-csa-c-type=\"widget\" data-csa-c-content-id=\"bookDescription\" data-csa-c-slot-id=\"bookDescription_feature_div\" data-csa-c-asin=\"1788819330\" data-csa-c-is-in-initial-active-row=\"false\" data-csa-c-id=\"otwgdh-az6es9-fxf9u6-h3drju\" data-cel-widget=\"bookDescription_feature_div\">\n<div class=\"a-expander-collapsed-height a-row a-expander-container a-spacing-base a-expander-partial-collapse-container\" data-a-expander-name=\"book_description_expander\" data-a-expander-collapsed-height=\"280\">\n<div class=\"a-expander-content a-expander-partial-collapse-content\" data-expanded=\"false\">\n<p>En un mundo que con demasiada frecuencia presenta a Dios como vengativo y castigador. Margaret Liu Collins ofrece una imagen muy distinta. Esta es la historia \u00edntima de su caminar con su Padre Celestial, no como una figura distante &#8220;all\u00e1 afuera&#8221;, sino como un compa\u00f1ero constante, accesible a Sus hijos para asuntos grandes y peque\u00f1os, 24\/7\/365. Este es su testimonio sobre una relaci\u00f3n continua y creciente con su Dios amoroso y generoso que quiere que todos sus hijos sean felices, sanos, alegres y pr\u00f3speros. Collins nos ofrece un testimonio personal junto con sabidur\u00eda b\u00edblica que demuestran que Dios es Bueno.<\/p>\n<\/div>\n<\/div>\n<\/div>\n","protected":false},"excerpt":{"rendered":"<p>by: Margaret Liu Collins<\/p>\n","protected":false},"featured_media":1524,"comment_status":"closed","ping_status":"closed","template":"","meta":[],"product_brand":[],"product_cat":[35],"product_tag":[],"class_list":{"0":"post-1523","1":"product","2":"type-product","3":"status-publish","4":"has-post-thumbnail","6":"product_cat-library-collections","8":"first","9":"instock","10":"shipping-taxable","11":"product-type-external"},"_links":{"self":[{"href":"https:\/\/foxpressbookstore.com\/index.php?rest_route=\/wp\/v2\/product\/1523","targetHints":{"allow":["GET"]}}],"collection":[{"href":"https:\/\/foxpressbookstore.com\/index.php?rest_route=\/wp\/v2\/product"}],"about":[{"href":"https:\/\/foxpressbookstore.com\/index.php?rest_route=\/wp\/v2\/types\/product"}],"replies":[{"embeddable":true,"href":"https:\/\/foxpressbookstore.com\/index.php?rest_route=%2Fwp%2Fv2%2Fcomments&post=1523"}],"wp:featuredmedia":[{"embeddable":true,"href":"https:\/\/foxpressbookstore.com\/index.php?rest_route=\/wp\/v2\/media\/1524"}],"wp:attachment":[{"href":"https:\/\/foxpressbookstore.com\/index.php?rest_route=%2Fwp%2Fv2%2Fmedia&parent=1523"}],"wp:term":[{"taxonomy":"product_brand","embeddable":true,"href":"https:\/\/foxpressbookstore.com\/index.php?rest_route=%2Fwp%2Fv2%2Fproduct_brand&post=1523"},{"taxonomy":"product_cat","embeddable":true,"href":"https:\/\/foxpressbookstore.com\/index.php?rest_route=%2Fwp%2Fv2%2Fproduct_cat&post=1523"},{"taxonomy":"product_tag","embeddable":true,"href":"https:\/\/foxpressbookstore.com\/index.php?rest_route=%2Fwp%2Fv2%2Fproduct_tag&post=1523"}],"curies":[{"name":"wp","href":"https:\/\/api.w.org\/{rel}","templated":true}]}}