{"id":212,"date":"2025-10-22T18:48:05","date_gmt":"2025-10-22T10:48:05","guid":{"rendered":"http:\/\/shmuel"},"modified":"2025-11-12T08:45:39","modified_gmt":"2025-11-12T00:45:39","slug":"booko-3","status":"publish","type":"product","link":"https:\/\/foxpressbookstore.com\/?product=booko-3","title":{"rendered":"Congo-Kinshasa 65 Ans Des D\u00e9rives"},"content":{"rendered":"<p>Dans cet ouvrage visionnaire, F\u00e9lix U. Kaputu propose une lecture lucide et engag\u00e9e de l&#8217;avenir du Congo-Kinshasa. \u00c0 travers une approche interdisciplinaire, il \u00e9claire les d\u00e9fis majeurs du pays et inscrit le Dodekaprogramme de Joseph Kabila dans une perspective panafricaine, comme socle d&#8217;une refondation responsable, inclusive et tourn\u00e9e vers l&#8217;avenir.<\/p>\n<p>A propos de l&#8217;auteur<\/p>\n<p>F\u00e9lix U. Kaputu, professeur de renomm\u00e9e internationale, allie rigueur acad\u00e9mique et engagement intellectuel. Sp\u00e9cialiste en anthropologie de la guerre et du trauma, conflits globaux, litt\u00e9rature compar\u00e9e et droit international, il d\u00e9tient plusieurs doctorats. Membre de l&#8217;Open Society University Network, il offre des analyses interdisciplinaires et \u00e9clair\u00e9es sur les dynamiques postcoloniales et les mutations du monde africain.<\/p>\n","protected":false},"excerpt":{"rendered":"<p>by Felix U. Kaputu<\/p>\n","protected":false},"featured_media":571,"comment_status":"open","ping_status":"closed","template":"","meta":[],"product_brand":[],"product_cat":[35],"product_tag":[],"class_list":{"0":"post-212","1":"product","2":"type-product","3":"status-publish","4":"has-post-thumbnail","6":"product_cat-library-collections","8":"first","9":"instock","10":"shipping-taxable","11":"product-type-external"},"_links":{"self":[{"href":"https:\/\/foxpressbookstore.com\/index.php?rest_route=\/wp\/v2\/product\/212","targetHints":{"allow":["GET"]}}],"collection":[{"href":"https:\/\/foxpressbookstore.com\/index.php?rest_route=\/wp\/v2\/product"}],"about":[{"href":"https:\/\/foxpressbookstore.com\/index.php?rest_route=\/wp\/v2\/types\/product"}],"replies":[{"embeddable":true,"href":"https:\/\/foxpressbookstore.com\/index.php?rest_route=%2Fwp%2Fv2%2Fcomments&post=212"}],"wp:featuredmedia":[{"embeddable":true,"href":"https:\/\/foxpressbookstore.com\/index.php?rest_route=\/wp\/v2\/media\/571"}],"wp:attachment":[{"href":"https:\/\/foxpressbookstore.com\/index.php?rest_route=%2Fwp%2Fv2%2Fmedia&parent=212"}],"wp:term":[{"taxonomy":"product_brand","embeddable":true,"href":"https:\/\/foxpressbookstore.com\/index.php?rest_route=%2Fwp%2Fv2%2Fproduct_brand&post=212"},{"taxonomy":"product_cat","embeddable":true,"href":"https:\/\/foxpressbookstore.com\/index.php?rest_route=%2Fwp%2Fv2%2Fproduct_cat&post=212"},{"taxonomy":"product_tag","embeddable":true,"href":"https:\/\/foxpressbookstore.com\/index.php?rest_route=%2Fwp%2Fv2%2Fproduct_tag&post=212"}],"curies":[{"name":"wp","href":"https:\/\/api.w.org\/{rel}","templated":true}]}}