{"id":213,"date":"2025-10-22T18:48:05","date_gmt":"2025-10-22T10:48:05","guid":{"rendered":"http:\/\/shmuel"},"modified":"2025-11-12T08:45:49","modified_gmt":"2025-11-12T00:45:49","slug":"book-2","status":"publish","type":"product","link":"https:\/\/foxpressbookstore.com\/?product=book-2","title":{"rendered":"Congo-Kinshasa En Otage"},"content":{"rendered":"<p>R\u00e9sum\u00e9 du livre<\/p>\n<p>Congo-Kinshasa en Otage: Le Naufrage d&#8217;une Nation sous F\u00e9lix Tshisekedi d\u00e9voile avec rigueur la faillite morale et politique d&#8217;un r\u00e9gime incapable de tenir ses promesses. Fond\u00e9 sur plus de trois mille t\u00e9moignages et une analyse interdisciplinaire, l&#8217;ouvrage met \u00e0 nu la corruption syst\u00e9mique, le tribalisme d&#8217;\u00c9tat, la r\u00e9pression et les fraudes \u00e9lectorales qui minent la R\u00e9publique d\u00e9mocratique du Congo. Au-del\u00e0 du constat, il interroge la m\u00e9moire collective, convoquant la figure de Joseph Kabila comme symbole de stabilit\u00e9 perdue. Plus qu&#8217;un essai, ce livre est une boussole: comprendre la crise pour agir et repenser l&#8217;avenir congolais.<\/p>\n<p>A propos de l&#8217;auteur<\/p>\n<p>F\u00e9lix U. Kaputu, professeur et chercheur interdisciplinaire, \u00e9tudie les zones de conflit, l&#8217;anthropologie du trauma, la litt\u00e9rature compar\u00e9e et les cultures africaines et latino- am\u00e9ricaines. Sp\u00e9cialiste des politiques et droits humains internationaux, il associe rigueur acad\u00e9mique et engagement au sein de la Global Higher Education Alliance (GHEA21). Ses \u00e9crits critiques d\u00e9voilent la trajectoire chaotique du Congo-Kinshasa et ses possibles issues.<\/p>\n","protected":false},"excerpt":{"rendered":"<p>by Felix U. Kaputu<\/p>\n","protected":false},"featured_media":572,"comment_status":"open","ping_status":"closed","template":"","meta":[],"product_brand":[],"product_cat":[35],"product_tag":[],"class_list":{"0":"post-213","1":"product","2":"type-product","3":"status-publish","4":"has-post-thumbnail","6":"product_cat-library-collections","8":"first","9":"instock","10":"shipping-taxable","11":"product-type-external"},"_links":{"self":[{"href":"https:\/\/foxpressbookstore.com\/index.php?rest_route=\/wp\/v2\/product\/213","targetHints":{"allow":["GET"]}}],"collection":[{"href":"https:\/\/foxpressbookstore.com\/index.php?rest_route=\/wp\/v2\/product"}],"about":[{"href":"https:\/\/foxpressbookstore.com\/index.php?rest_route=\/wp\/v2\/types\/product"}],"replies":[{"embeddable":true,"href":"https:\/\/foxpressbookstore.com\/index.php?rest_route=%2Fwp%2Fv2%2Fcomments&post=213"}],"wp:featuredmedia":[{"embeddable":true,"href":"https:\/\/foxpressbookstore.com\/index.php?rest_route=\/wp\/v2\/media\/572"}],"wp:attachment":[{"href":"https:\/\/foxpressbookstore.com\/index.php?rest_route=%2Fwp%2Fv2%2Fmedia&parent=213"}],"wp:term":[{"taxonomy":"product_brand","embeddable":true,"href":"https:\/\/foxpressbookstore.com\/index.php?rest_route=%2Fwp%2Fv2%2Fproduct_brand&post=213"},{"taxonomy":"product_cat","embeddable":true,"href":"https:\/\/foxpressbookstore.com\/index.php?rest_route=%2Fwp%2Fv2%2Fproduct_cat&post=213"},{"taxonomy":"product_tag","embeddable":true,"href":"https:\/\/foxpressbookstore.com\/index.php?rest_route=%2Fwp%2Fv2%2Fproduct_tag&post=213"}],"curies":[{"name":"wp","href":"https:\/\/api.w.org\/{rel}","templated":true}]}}