{"id":540,"date":"2025-10-27T18:58:42","date_gmt":"2025-10-27T10:58:42","guid":{"rendered":"https:\/\/foxpressbookstore.com\/?post_type=product&#038;p=540"},"modified":"2025-11-12T08:45:06","modified_gmt":"2025-11-12T00:45:06","slug":"joseph-kabila-kabange","status":"publish","type":"product","link":"https:\/\/foxpressbookstore.com\/?product=joseph-kabila-kabange","title":{"rendered":"Joseph Kabila Kabange, L&#8217;Homme du Silence: Qui Fait Trembler Le Pouvoir ET Rassure La Nation"},"content":{"rendered":"<p>Le livre Joseph Kabila Kabange, P&#8217;Homme du Silence de F\u00e9lix Kaputu analyse la gouvernance silencieuse de Joseph Kablla, soulignant son silence strat\u00e9gique comme une arme de contr\u00f4le politique. Ce silence, loin d&#8217;\u00eatre une faiblesse, a permis de maintenir la stabilit\u00e9 du pays. L&#8217;ouvrage explore son Impact sur la politique Int\u00e9rieure et Internationale, en s&#8217;appuyant sur les th\u00e9ories de Foucault et Bourdieu, et conclut par la nostalgle populaire de son retour en raisonde la stabilit\u00e9 per\u00e7ue sous son r\u00e9gime.<\/p>\n<p>&nbsp;<\/p>\n<p>A propos de l&#8217;auteur<\/p>\n<p>&nbsp;<\/p>\n<p>F\u00e9lix U. Kaputu, professeur renomm\u00e9 et titulaire de plusieurs doctorats, est sp\u00e9cialiste en anthropologie des conflits, du trauma et des dynamiques culturelles. Membre de l&#8217;Open Society University Network, Il offre des analyses Interdisciplinaires sur les enjeux postcolonlaux et les mutations globales, alllant rigueur acad\u00e9mique et engagement Intellectuel et citoyen.<\/p>\n","protected":false},"excerpt":{"rendered":"<p>by Felix U. Kaputu<\/p>\n","protected":false},"featured_media":570,"comment_status":"closed","ping_status":"closed","template":"","meta":[],"product_brand":[],"product_cat":[35],"product_tag":[],"class_list":{"0":"post-540","1":"product","2":"type-product","3":"status-publish","4":"has-post-thumbnail","6":"product_cat-library-collections","8":"first","9":"instock","10":"shipping-taxable","11":"product-type-external"},"_links":{"self":[{"href":"https:\/\/foxpressbookstore.com\/index.php?rest_route=\/wp\/v2\/product\/540","targetHints":{"allow":["GET"]}}],"collection":[{"href":"https:\/\/foxpressbookstore.com\/index.php?rest_route=\/wp\/v2\/product"}],"about":[{"href":"https:\/\/foxpressbookstore.com\/index.php?rest_route=\/wp\/v2\/types\/product"}],"replies":[{"embeddable":true,"href":"https:\/\/foxpressbookstore.com\/index.php?rest_route=%2Fwp%2Fv2%2Fcomments&post=540"}],"wp:featuredmedia":[{"embeddable":true,"href":"https:\/\/foxpressbookstore.com\/index.php?rest_route=\/wp\/v2\/media\/570"}],"wp:attachment":[{"href":"https:\/\/foxpressbookstore.com\/index.php?rest_route=%2Fwp%2Fv2%2Fmedia&parent=540"}],"wp:term":[{"taxonomy":"product_brand","embeddable":true,"href":"https:\/\/foxpressbookstore.com\/index.php?rest_route=%2Fwp%2Fv2%2Fproduct_brand&post=540"},{"taxonomy":"product_cat","embeddable":true,"href":"https:\/\/foxpressbookstore.com\/index.php?rest_route=%2Fwp%2Fv2%2Fproduct_cat&post=540"},{"taxonomy":"product_tag","embeddable":true,"href":"https:\/\/foxpressbookstore.com\/index.php?rest_route=%2Fwp%2Fv2%2Fproduct_tag&post=540"}],"curies":[{"name":"wp","href":"https:\/\/api.w.org\/{rel}","templated":true}]}}