{"id":542,"date":"2025-10-27T18:59:46","date_gmt":"2025-10-27T10:59:46","guid":{"rendered":"https:\/\/foxpressbookstore.com\/?post_type=product&#038;p=542"},"modified":"2025-11-12T08:44:58","modified_gmt":"2025-11-12T00:44:58","slug":"le-modele-muyej-cover","status":"publish","type":"product","link":"https:\/\/foxpressbookstore.com\/?product=le-modele-muyej-cover","title":{"rendered":"Le Modele Muyej"},"content":{"rendered":"<p>Le Mod\u00e8le Muyej (M.M.) &#8211; Du District au Miracle Congolais (2015-2022) retrace la gouvernance exemplaire de Richard Muyej Mangeze Mans, qui transforma le Lualaba en mod\u00e8le de d\u00e9veloppement et de stabilit\u00e9. En conciliant exploitation mini\u00e8re, justice sociale et proximit\u00e9 citoyenne, il d\u00e9montra qu&#8217;un leadership \u00e9thique et visionnaire peut briser le cycle de la mauvaise gestion. Cet ouvrage pr\u00e9sente le Mod\u00e8le Muyej comme un cadre cr\u00e9dible pour repenser la gouvernance congolaise et sortir du marasme actuel. V\u00e9ritable laboratoire de renaissance nationale, il incarne une voie r\u00e9aliste et porteuse d&#8217;espoir pour le Congo et, au-del\u00e0, pour l&#8217;Afrique.<\/p>\n<p>A propos de l&#8217;auteur<\/p>\n<p>F\u00e9lix U. Kaputu, professeur et chercheur interdisciplinaire, analyse gouvernance, anthropologie politique et droits humains. Ses travaux, au sein de l&#8217;Open Society University Network (maintenant Global Higher Education Alliance for the 21st Century, GHEA21), mettent en lumi\u00e8re sp\u00e9cialement le parcours de Richard Muye, et d\u00e9gagent un mod\u00e8le de gouvernance innovant, porteur d&#8217;espoir pour la renaissance et la refondation nationale du Congo.<\/p>\n","protected":false},"excerpt":{"rendered":"<p>by Felix U. Kaputu<\/p>\n","protected":false},"featured_media":569,"comment_status":"closed","ping_status":"closed","template":"","meta":[],"product_brand":[],"product_cat":[35],"product_tag":[],"class_list":{"0":"post-542","1":"product","2":"type-product","3":"status-publish","4":"has-post-thumbnail","6":"product_cat-library-collections","8":"first","9":"instock","10":"shipping-taxable","11":"product-type-external"},"_links":{"self":[{"href":"https:\/\/foxpressbookstore.com\/index.php?rest_route=\/wp\/v2\/product\/542","targetHints":{"allow":["GET"]}}],"collection":[{"href":"https:\/\/foxpressbookstore.com\/index.php?rest_route=\/wp\/v2\/product"}],"about":[{"href":"https:\/\/foxpressbookstore.com\/index.php?rest_route=\/wp\/v2\/types\/product"}],"replies":[{"embeddable":true,"href":"https:\/\/foxpressbookstore.com\/index.php?rest_route=%2Fwp%2Fv2%2Fcomments&post=542"}],"wp:featuredmedia":[{"embeddable":true,"href":"https:\/\/foxpressbookstore.com\/index.php?rest_route=\/wp\/v2\/media\/569"}],"wp:attachment":[{"href":"https:\/\/foxpressbookstore.com\/index.php?rest_route=%2Fwp%2Fv2%2Fmedia&parent=542"}],"wp:term":[{"taxonomy":"product_brand","embeddable":true,"href":"https:\/\/foxpressbookstore.com\/index.php?rest_route=%2Fwp%2Fv2%2Fproduct_brand&post=542"},{"taxonomy":"product_cat","embeddable":true,"href":"https:\/\/foxpressbookstore.com\/index.php?rest_route=%2Fwp%2Fv2%2Fproduct_cat&post=542"},{"taxonomy":"product_tag","embeddable":true,"href":"https:\/\/foxpressbookstore.com\/index.php?rest_route=%2Fwp%2Fv2%2Fproduct_tag&post=542"}],"curies":[{"name":"wp","href":"https:\/\/api.w.org\/{rel}","templated":true}]}}