{"id":544,"date":"2025-10-27T19:01:03","date_gmt":"2025-10-27T11:01:03","guid":{"rendered":"https:\/\/foxpressbookstore.com\/?post_type=product&#038;p=544"},"modified":"2025-11-12T08:44:07","modified_gmt":"2025-11-12T00:44:07","slug":"reinventer-le-congo-kinshasa","status":"publish","type":"product","link":"https:\/\/foxpressbookstore.com\/?product=reinventer-le-congo-kinshasa","title":{"rendered":"R\u00e9inventer le Congo-Kinshasa"},"content":{"rendered":"<p>R\u00c9INVENTER LE CONGO-KINSHASA<\/p>\n<p>Dans R\u00e9inventer le Congo-Kinshasa, le professeur F\u00e9lix U. Kaputu explore, \u00e0 travers une approche interdisciplinaire, les fondements d&#8217;une refondation nationale. S&#8217;appuyant sur le Dodekaprogramme de Joseph Kabila, il analyse douze piliers essentiels pour une gouvernance moderne, souveraine et inclusive, offrant une vision rigoureuse et structurale de l&#8217;avenir institutionnel, social et politique du pays.<\/p>\n<p>&nbsp;<\/p>\n<p>\u00c0 PROPOS DE L&#8217;AUTEUR<\/p>\n<p>F\u00e9lix U. Kaputu, professeur de renomm\u00e9e internationale, allie rigueur acad\u00e9mique et engagement intellectuel. Sp\u00e9cialiste en anthropologie de la guerre et du trauma, conflits globaux, litt\u00e9rature compar\u00e9e et droit international, il d\u00e9tient plusieurs doctorats. Membre de Open Society University Network, il offre des analyses interdisciplinaires et \u00e9clair\u00e9es sur les dynamiques postcoloniales et les mutations du monde africain.<\/p>\n","protected":false},"excerpt":{"rendered":"<p>by Felix U. Kaputu<\/p>\n","protected":false},"featured_media":568,"comment_status":"closed","ping_status":"closed","template":"","meta":[],"product_brand":[],"product_cat":[35],"product_tag":[],"class_list":{"0":"post-544","1":"product","2":"type-product","3":"status-publish","4":"has-post-thumbnail","6":"product_cat-library-collections","8":"first","9":"instock","10":"shipping-taxable","11":"product-type-external"},"_links":{"self":[{"href":"https:\/\/foxpressbookstore.com\/index.php?rest_route=\/wp\/v2\/product\/544","targetHints":{"allow":["GET"]}}],"collection":[{"href":"https:\/\/foxpressbookstore.com\/index.php?rest_route=\/wp\/v2\/product"}],"about":[{"href":"https:\/\/foxpressbookstore.com\/index.php?rest_route=\/wp\/v2\/types\/product"}],"replies":[{"embeddable":true,"href":"https:\/\/foxpressbookstore.com\/index.php?rest_route=%2Fwp%2Fv2%2Fcomments&post=544"}],"wp:featuredmedia":[{"embeddable":true,"href":"https:\/\/foxpressbookstore.com\/index.php?rest_route=\/wp\/v2\/media\/568"}],"wp:attachment":[{"href":"https:\/\/foxpressbookstore.com\/index.php?rest_route=%2Fwp%2Fv2%2Fmedia&parent=544"}],"wp:term":[{"taxonomy":"product_brand","embeddable":true,"href":"https:\/\/foxpressbookstore.com\/index.php?rest_route=%2Fwp%2Fv2%2Fproduct_brand&post=544"},{"taxonomy":"product_cat","embeddable":true,"href":"https:\/\/foxpressbookstore.com\/index.php?rest_route=%2Fwp%2Fv2%2Fproduct_cat&post=544"},{"taxonomy":"product_tag","embeddable":true,"href":"https:\/\/foxpressbookstore.com\/index.php?rest_route=%2Fwp%2Fv2%2Fproduct_tag&post=544"}],"curies":[{"name":"wp","href":"https:\/\/api.w.org\/{rel}","templated":true}]}}